{"id":2,"date":"2022-01-03T15:47:13","date_gmt":"2022-01-03T15:47:13","guid":{"rendered":"https:\/\/www.fotografialacchiappasogni.it\/?page_id=2"},"modified":"2025-10-06T11:58:51","modified_gmt":"2025-10-06T09:58:51","slug":"devotion","status":"publish","type":"page","link":"https:\/\/www.fotografialacchiappasogni.it\/index.php\/devotion\/","title":{"rendered":"DEVOTION"},"content":{"rendered":"\t\t<div data-elementor-type=\"wp-page\" data-elementor-id=\"2\" class=\"elementor elementor-2\">\n\t\t\t\t\t\t<section class=\"elementor-section elementor-top-section elementor-element elementor-element-172b1d5 elementor-section-boxed elementor-section-height-default elementor-section-height-default wpr-particle-no wpr-jarallax-no wpr-parallax-no wpr-sticky-section-no eltdf-parallax-row-no eltdf-content-aligment-left eltdf-elementor-row-grid-no eltdf-disabled-bg-image-bellow-no\" data-id=\"172b1d5\" data-element_type=\"section\" data-e-type=\"section\">\n\t\t\t\t\t\t<div class=\"elementor-container elementor-column-gap-default\">\n\t\t\t\t\t<div class=\"elementor-column elementor-col-100 elementor-top-column elementor-element elementor-element-93e2a6c\" data-id=\"93e2a6c\" data-element_type=\"column\" data-e-type=\"column\">\n\t\t\t<div class=\"elementor-widget-wrap elementor-element-populated\">\n\t\t\t\t\t\t<div class=\"elementor-element elementor-element-4a064ee elementor-widget elementor-widget-eltdf_section_title\" data-id=\"4a064ee\" data-element_type=\"widget\" data-e-type=\"widget\" data-widget_type=\"eltdf_section_title.default\">\n\t\t\t\t<div class=\"elementor-widget-container\">\n\t\t\t\t\t<div class=\"eltdf-section-title-holder  \" >\n\t<div class=\"eltdf-st-inner\">\n\t\t\t\t\t\t\t<h2 class=\"eltdf-st-title\" >\n\t\t\t\tDEVOTION\t\t\t\t\t\t\t<\/h2>\n\t\t\t\t\t\t\t\t\t<\/div>\n<\/div>\t\t\t\t<\/div>\n\t\t\t\t<\/div>\n\t\t\t\t\t<\/div>\n\t\t<\/div>\n\t\t\t\t\t<\/div>\n\t\t<\/section>\n\t\t\t\t<section class=\"elementor-section elementor-top-section elementor-element elementor-element-070c165 elementor-section-boxed elementor-section-height-default elementor-section-height-default wpr-particle-no wpr-jarallax-no wpr-parallax-no wpr-sticky-section-no eltdf-parallax-row-no eltdf-content-aligment-left eltdf-elementor-row-grid-no eltdf-disabled-bg-image-bellow-no\" data-id=\"070c165\" data-element_type=\"section\" data-e-type=\"section\">\n\t\t\t\t\t\t<div class=\"elementor-container elementor-column-gap-default\">\n\t\t\t\t\t<div class=\"elementor-column elementor-col-100 elementor-top-column elementor-element elementor-element-a624f47\" data-id=\"a624f47\" data-element_type=\"column\" data-e-type=\"column\">\n\t\t\t<div class=\"elementor-widget-wrap elementor-element-populated\">\n\t\t\t\t\t\t<div class=\"elementor-element elementor-element-9a0b71c elementor-widget elementor-widget-image\" data-id=\"9a0b71c\" data-element_type=\"widget\" data-e-type=\"widget\" data-widget_type=\"image.default\">\n\t\t\t\t<div class=\"elementor-widget-container\">\n\t\t\t\t\t\t\t\t\t\t\t\t\t\t\t<img fetchpriority=\"high\" decoding=\"async\" width=\"1024\" height=\"683\" src=\"https:\/\/www.fotografialacchiappasogni.it\/wp-content\/uploads\/2022\/01\/ACC_4486-1024x683.jpg\" class=\"attachment-large size-large wp-image-6493\" alt=\"\" srcset=\"https:\/\/www.fotografialacchiappasogni.it\/wp-content\/uploads\/2022\/01\/ACC_4486-1024x683.jpg 1024w, https:\/\/www.fotografialacchiappasogni.it\/wp-content\/uploads\/2022\/01\/ACC_4486-300x200.jpg 300w, https:\/\/www.fotografialacchiappasogni.it\/wp-content\/uploads\/2022\/01\/ACC_4486-768x512.jpg 768w, https:\/\/www.fotografialacchiappasogni.it\/wp-content\/uploads\/2022\/01\/ACC_4486-600x400.jpg 600w, https:\/\/www.fotografialacchiappasogni.it\/wp-content\/uploads\/2022\/01\/ACC_4486.jpg 1500w\" sizes=\"(max-width: 1024px) 100vw, 1024px\" \/>\t\t\t\t\t\t\t\t\t\t\t\t\t\t\t<\/div>\n\t\t\t\t<\/div>\n\t\t\t\t\t<\/div>\n\t\t<\/div>\n\t\t\t\t\t<\/div>\n\t\t<\/section>\n\t\t\t\t<section class=\"elementor-section elementor-top-section elementor-element elementor-element-27f31bc7 elementor-section-boxed elementor-section-height-default elementor-section-height-default wpr-particle-no wpr-jarallax-no wpr-parallax-no wpr-sticky-section-no eltdf-parallax-row-no eltdf-content-aligment-left eltdf-elementor-row-grid-no eltdf-disabled-bg-image-bellow-no\" data-id=\"27f31bc7\" data-element_type=\"section\" data-e-type=\"section\">\n\t\t\t\t\t\t<div class=\"elementor-container elementor-column-gap-default\">\n\t\t\t\t\t<div class=\"elementor-column elementor-col-100 elementor-top-column elementor-element elementor-element-4163692\" data-id=\"4163692\" data-element_type=\"column\" data-e-type=\"column\">\n\t\t\t<div class=\"elementor-widget-wrap elementor-element-populated\">\n\t\t\t\t\t\t<div class=\"elementor-element elementor-element-74581368 elementor-widget elementor-widget-text-editor\" data-id=\"74581368\" data-element_type=\"widget\" data-e-type=\"widget\" data-widget_type=\"text-editor.default\">\n\t\t\t\t<div class=\"elementor-widget-container\">\n\t\t\t\t\t\t\t\t\t\n<p>Non si pu\u00f2 svolgere la mia professione, senza esserne profondamente appassionati!<\/p>\n<p>Ogni bambino che varca la mia soglia, \u00e8 un dono, ed io da fotografa ho il compito, e il bisogno interiore di tirarne fuori tutta la tenerezza e le peculiarit\u00e0.<\/p>\n<p>Manipolare un neonato, addormentarlo, coccolarlo, accarezzarlo, cullarlo, fasciarlo e solo in ultima fase fotografarlo, \u00e8 per me in primis una conquista, una immensa soddisfazione, una emozione infinita che si rinnova ogni volta, nonostante tutte le difficolt\u00e0, anno dopo anno.<\/p>\n<p>Non mi abituer\u00f2 mai.<\/p>\n<p>Non voglio farlo.<\/p>\n<p>Voglio che ogni volta, l\u2019importanza delle piccole cose, quelle che fanno parte di vostro figlio, emerga chiara nelle mie fotografie, come nella vita lo \u00e8 per voi\u2026<\/p>\n\t\t\t\t\t\t\t\t<\/div>\n\t\t\t\t<\/div>\n\t\t\t\t\t<\/div>\n\t\t<\/div>\n\t\t\t\t\t<\/div>\n\t\t<\/section>\n\t\t\t\t<section class=\"elementor-section elementor-top-section elementor-element elementor-element-488dd1b elementor-section-boxed elementor-section-height-default elementor-section-height-default wpr-particle-no wpr-jarallax-no wpr-parallax-no wpr-sticky-section-no eltdf-parallax-row-no eltdf-content-aligment-left eltdf-elementor-row-grid-no eltdf-disabled-bg-image-bellow-no\" data-id=\"488dd1b\" data-element_type=\"section\" data-e-type=\"section\">\n\t\t\t\t\t\t<div class=\"elementor-container elementor-column-gap-default\">\n\t\t\t\t\t<div class=\"elementor-column elementor-col-50 elementor-top-column elementor-element elementor-element-f7d7f2f\" data-id=\"f7d7f2f\" data-element_type=\"column\" data-e-type=\"column\">\n\t\t\t<div class=\"elementor-widget-wrap elementor-element-populated\">\n\t\t\t\t\t\t<div class=\"elementor-element elementor-element-57c2751 elementor-widget elementor-widget-image\" data-id=\"57c2751\" data-element_type=\"widget\" data-e-type=\"widget\" data-widget_type=\"image.default\">\n\t\t\t\t<div class=\"elementor-widget-container\">\n\t\t\t\t\t\t\t\t\t\t\t\t\t\t\t<img decoding=\"async\" width=\"1024\" height=\"683\" src=\"https:\/\/www.fotografialacchiappasogni.it\/wp-content\/uploads\/2022\/01\/ACC_7121-2-1024x683.jpg\" class=\"attachment-large size-large wp-image-6494\" alt=\"\" srcset=\"https:\/\/www.fotografialacchiappasogni.it\/wp-content\/uploads\/2022\/01\/ACC_7121-2-1024x683.jpg 1024w, https:\/\/www.fotografialacchiappasogni.it\/wp-content\/uploads\/2022\/01\/ACC_7121-2-300x200.jpg 300w, https:\/\/www.fotografialacchiappasogni.it\/wp-content\/uploads\/2022\/01\/ACC_7121-2-768x512.jpg 768w, https:\/\/www.fotografialacchiappasogni.it\/wp-content\/uploads\/2022\/01\/ACC_7121-2-600x400.jpg 600w, https:\/\/www.fotografialacchiappasogni.it\/wp-content\/uploads\/2022\/01\/ACC_7121-2.jpg 1500w\" sizes=\"(max-width: 1024px) 100vw, 1024px\" \/>\t\t\t\t\t\t\t\t\t\t\t\t\t\t\t<\/div>\n\t\t\t\t<\/div>\n\t\t\t\t\t<\/div>\n\t\t<\/div>\n\t\t\t\t<div class=\"elementor-column elementor-col-50 elementor-top-column elementor-element elementor-element-a4e2e84\" data-id=\"a4e2e84\" data-element_type=\"column\" data-e-type=\"column\">\n\t\t\t<div class=\"elementor-widget-wrap elementor-element-populated\">\n\t\t\t\t\t\t<div class=\"elementor-element elementor-element-23f5ed6 elementor-widget elementor-widget-image\" data-id=\"23f5ed6\" data-element_type=\"widget\" data-e-type=\"widget\" data-widget_type=\"image.default\">\n\t\t\t\t<div class=\"elementor-widget-container\">\n\t\t\t\t\t\t\t\t\t\t\t\t\t\t\t<img decoding=\"async\" width=\"1024\" height=\"683\" src=\"https:\/\/www.fotografialacchiappasogni.it\/wp-content\/uploads\/2022\/01\/ACC_2211-2-1024x683.jpg\" class=\"attachment-large size-large wp-image-6495\" alt=\"\" srcset=\"https:\/\/www.fotografialacchiappasogni.it\/wp-content\/uploads\/2022\/01\/ACC_2211-2-1024x683.jpg 1024w, https:\/\/www.fotografialacchiappasogni.it\/wp-content\/uploads\/2022\/01\/ACC_2211-2-300x200.jpg 300w, https:\/\/www.fotografialacchiappasogni.it\/wp-content\/uploads\/2022\/01\/ACC_2211-2-768x512.jpg 768w, https:\/\/www.fotografialacchiappasogni.it\/wp-content\/uploads\/2022\/01\/ACC_2211-2-600x400.jpg 600w, https:\/\/www.fotografialacchiappasogni.it\/wp-content\/uploads\/2022\/01\/ACC_2211-2.jpg 1500w\" sizes=\"(max-width: 1024px) 100vw, 1024px\" \/>\t\t\t\t\t\t\t\t\t\t\t\t\t\t\t<\/div>\n\t\t\t\t<\/div>\n\t\t\t\t\t<\/div>\n\t\t<\/div>\n\t\t\t\t\t<\/div>\n\t\t<\/section>\n\t\t\t\t<section class=\"elementor-section elementor-top-section elementor-element elementor-element-dbafc17 elementor-section-boxed elementor-section-height-default elementor-section-height-default wpr-particle-no wpr-jarallax-no wpr-parallax-no wpr-sticky-section-no eltdf-parallax-row-no eltdf-content-aligment-left eltdf-elementor-row-grid-no eltdf-disabled-bg-image-bellow-no\" data-id=\"dbafc17\" data-element_type=\"section\" data-e-type=\"section\">\n\t\t\t\t\t\t<div class=\"elementor-container elementor-column-gap-default\">\n\t\t\t\t\t<div class=\"elementor-column elementor-col-50 elementor-top-column elementor-element elementor-element-efa83f2\" data-id=\"efa83f2\" data-element_type=\"column\" data-e-type=\"column\">\n\t\t\t<div class=\"elementor-widget-wrap elementor-element-populated\">\n\t\t\t\t\t\t<div class=\"elementor-element elementor-element-2be8a15 elementor-widget elementor-widget-image\" data-id=\"2be8a15\" data-element_type=\"widget\" data-e-type=\"widget\" data-widget_type=\"image.default\">\n\t\t\t\t<div class=\"elementor-widget-container\">\n\t\t\t\t\t\t\t\t\t\t\t\t\t\t\t<img loading=\"lazy\" decoding=\"async\" width=\"1024\" height=\"683\" src=\"https:\/\/www.fotografialacchiappasogni.it\/wp-content\/uploads\/2022\/01\/ACC_9677-1024x683.jpg\" class=\"attachment-large size-large wp-image-6496\" alt=\"\" srcset=\"https:\/\/www.fotografialacchiappasogni.it\/wp-content\/uploads\/2022\/01\/ACC_9677-1024x683.jpg 1024w, https:\/\/www.fotografialacchiappasogni.it\/wp-content\/uploads\/2022\/01\/ACC_9677-300x200.jpg 300w, https:\/\/www.fotografialacchiappasogni.it\/wp-content\/uploads\/2022\/01\/ACC_9677-768x512.jpg 768w, https:\/\/www.fotografialacchiappasogni.it\/wp-content\/uploads\/2022\/01\/ACC_9677-600x400.jpg 600w, https:\/\/www.fotografialacchiappasogni.it\/wp-content\/uploads\/2022\/01\/ACC_9677.jpg 1500w\" sizes=\"(max-width: 1024px) 100vw, 1024px\" \/>\t\t\t\t\t\t\t\t\t\t\t\t\t\t\t<\/div>\n\t\t\t\t<\/div>\n\t\t\t\t\t<\/div>\n\t\t<\/div>\n\t\t\t\t<div class=\"elementor-column elementor-col-50 elementor-top-column elementor-element elementor-element-c001a3e\" data-id=\"c001a3e\" data-element_type=\"column\" data-e-type=\"column\">\n\t\t\t<div class=\"elementor-widget-wrap elementor-element-populated\">\n\t\t\t\t\t\t<div class=\"elementor-element elementor-element-9943d2a elementor-widget elementor-widget-image\" data-id=\"9943d2a\" data-element_type=\"widget\" data-e-type=\"widget\" data-widget_type=\"image.default\">\n\t\t\t\t<div class=\"elementor-widget-container\">\n\t\t\t\t\t\t\t\t\t\t\t\t\t\t\t<img loading=\"lazy\" decoding=\"async\" width=\"1024\" height=\"683\" src=\"https:\/\/www.fotografialacchiappasogni.it\/wp-content\/uploads\/2022\/01\/ACC_9688-1024x683.jpg\" class=\"attachment-large size-large wp-image-6497\" alt=\"\" srcset=\"https:\/\/www.fotografialacchiappasogni.it\/wp-content\/uploads\/2022\/01\/ACC_9688-1024x683.jpg 1024w, https:\/\/www.fotografialacchiappasogni.it\/wp-content\/uploads\/2022\/01\/ACC_9688-300x200.jpg 300w, https:\/\/www.fotografialacchiappasogni.it\/wp-content\/uploads\/2022\/01\/ACC_9688-768x512.jpg 768w, https:\/\/www.fotografialacchiappasogni.it\/wp-content\/uploads\/2022\/01\/ACC_9688-600x400.jpg 600w, https:\/\/www.fotografialacchiappasogni.it\/wp-content\/uploads\/2022\/01\/ACC_9688.jpg 1500w\" sizes=\"(max-width: 1024px) 100vw, 1024px\" \/>\t\t\t\t\t\t\t\t\t\t\t\t\t\t\t<\/div>\n\t\t\t\t<\/div>\n\t\t\t\t\t<\/div>\n\t\t<\/div>\n\t\t\t\t\t<\/div>\n\t\t<\/section>\n\t\t\t\t<\/div>\n\t\t","protected":false},"excerpt":{"rendered":"<p>DEVOTION Non si pu\u00f2 svolgere la mia professione, senza esserne profondamente appassionati! Ogni bambino che varca la mia soglia, \u00e8 un dono, ed io da fotografa ho il compito, e il bisogno interiore di tirarne fuori tutta la tenerezza e le peculiarit\u00e0. Manipolare un neonato, addormentarlo, coccolarlo, accarezzarlo, cullarlo, fasciarlo e solo in ultima fase fotografarlo, \u00e8<\/p>\n","protected":false},"author":1,"featured_media":0,"parent":0,"menu_order":0,"comment_status":"closed","ping_status":"open","template":"","meta":{"footnotes":""},"class_list":["post-2","page","type-page","status-publish","hentry"],"_links":{"self":[{"href":"https:\/\/www.fotografialacchiappasogni.it\/index.php\/wp-json\/wp\/v2\/pages\/2","targetHints":{"allow":["GET"]}}],"collection":[{"href":"https:\/\/www.fotografialacchiappasogni.it\/index.php\/wp-json\/wp\/v2\/pages"}],"about":[{"href":"https:\/\/www.fotografialacchiappasogni.it\/index.php\/wp-json\/wp\/v2\/types\/page"}],"author":[{"embeddable":true,"href":"https:\/\/www.fotografialacchiappasogni.it\/index.php\/wp-json\/wp\/v2\/users\/1"}],"replies":[{"embeddable":true,"href":"https:\/\/www.fotografialacchiappasogni.it\/index.php\/wp-json\/wp\/v2\/comments?post=2"}],"version-history":[{"count":27,"href":"https:\/\/www.fotografialacchiappasogni.it\/index.php\/wp-json\/wp\/v2\/pages\/2\/revisions"}],"predecessor-version":[{"id":92010,"href":"https:\/\/www.fotografialacchiappasogni.it\/index.php\/wp-json\/wp\/v2\/pages\/2\/revisions\/92010"}],"wp:attachment":[{"href":"https:\/\/www.fotografialacchiappasogni.it\/index.php\/wp-json\/wp\/v2\/media?parent=2"}],"curies":[{"name":"wp","href":"https:\/\/api.w.org\/{rel}","templated":true}]}}